{"id":9523,"date":"2024-10-09T13:28:45","date_gmt":"2024-10-09T13:28:45","guid":{"rendered":"https:\/\/www.accountingslovakia.sk\/koszonom\/"},"modified":"2024-12-02T12:53:18","modified_gmt":"2024-12-02T12:53:18","slug":"dakujeme","status":"publish","type":"page","link":"https:\/\/www.accountingslovakia.sk\/sk\/dakujeme\/","title":{"rendered":"\u010eakujeme, dostali sme va\u0161u spr\u00e1vu!"},"content":{"rendered":"\t\t<div data-elementor-type=\"wp-page\" data-elementor-id=\"9523\" class=\"elementor elementor-9523 elementor-8813\" data-elementor-post-type=\"page\">\n\t\t\t\t<div class=\"elementor-element elementor-element-242d67b e-flex e-con-boxed e-con e-parent\" data-id=\"242d67b\" data-element_type=\"container\" data-e-type=\"container\" data-settings=\"{&quot;tmea_shape_divider_top&quot;:&quot;none&quot;,&quot;tmea_shape_divider_bottom&quot;:&quot;none&quot;}\">\n\t\t\t\t\t<div class=\"e-con-inner\">\n\t\t\n\t\t<div class=\"elementor-element elementor-element-bd95429 elementor-widget elementor-widget-text-editor\" data-id=\"bd95429\" data-element_type=\"widget\" data-e-type=\"widget\" data-widget_type=\"text-editor.default\">\n\t\t\t\t<div class=\"elementor-widget-container\">\n\t\t\t\t\t\t\t\t\t<div class=\"elementor-element elementor-element-8f5fc39 elementor-widget elementor-widget-heading\" data-id=\"8f5fc39\" data-element_type=\"widget\" data-widget_type=\"heading.default\">\n<div class=\"elementor-widget-container\">\n<p><strong><span class=\"TextRun SCXW68199647 BCX0\" lang=\"SK-SK\" xml:lang=\"SK-SK\" data-contrast=\"auto\"><span class=\"NormalTextRun SCXW68199647 BCX0\">\u010coskoro v\u00e1s budeme kontaktova\u0165 prostredn\u00edctvom jedn\u00e9ho z uveden\u00fdch kontaktn\u00fdch \u00fadajov.<\/span><\/span><\/strong><\/p>\n<p><em><span class=\"TextRun SCXW68199647 BCX0\" lang=\"SK-SK\" xml:lang=\"SK-SK\" data-contrast=\"auto\"><span class=\"NormalTextRun SCXW68199647 BCX0\">T\u00fato str\u00e1nku m\u00f4\u017eete zatvori\u0165.<\/span><\/span><\/em><\/p>\n<\/div>\n<\/div>\n\t\t\t\t\t\t\t\t<\/div>\n\t\t\t\t<\/div>\n\t\t\t\t\t<\/div>\n\t\t\t\t<\/div>\n\t\t\t\t<\/div>\n\t\t","protected":false},"excerpt":{"rendered":"<p>\u010coskoro v\u00e1s budeme kontaktova\u0165 prostredn\u00edctvom jedn\u00e9ho z uveden\u00fdch kontaktn\u00fdch \u00fadajov. T\u00fato str\u00e1nku m\u00f4\u017eete zatvori\u0165.<\/p>\n","protected":false},"author":1,"featured_media":0,"parent":0,"menu_order":0,"comment_status":"closed","ping_status":"closed","template":"","meta":{"_monsterinsights_skip_tracking":false,"_monsterinsights_sitenote_active":false,"_monsterinsights_sitenote_note":"","_monsterinsights_sitenote_category":0,"_uf_show_specific_survey":0,"_uf_disable_surveys":false,"footnotes":""},"class_list":["post-9523","page","type-page","status-publish","hentry"],"yoast_head":"<!-- This site is optimized with the Yoast SEO plugin v27.4 - https:\/\/yoast.com\/product\/yoast-seo-wordpress\/ -->\n<title>\u010eakujeme, dostali sme va\u0161u spr\u00e1vu! - Accounting Slovakia<\/title>\n<meta name=\"robots\" content=\"index, follow, max-snippet:-1, max-image-preview:large, max-video-preview:-1\" \/>\n<link rel=\"canonical\" href=\"https:\/\/www.accountingslovakia.sk\/sk\/dakujeme\/\" \/>\n<meta property=\"og:locale\" content=\"sk_SK\" \/>\n<meta property=\"og:type\" content=\"article\" \/>\n<meta property=\"og:title\" content=\"\u010eakujeme, dostali sme va\u0161u spr\u00e1vu! - Accounting Slovakia\" \/>\n<meta property=\"og:description\" content=\"\u010coskoro v\u00e1s budeme kontaktova\u0165 prostredn\u00edctvom jedn\u00e9ho z uveden\u00fdch kontaktn\u00fdch \u00fadajov. T\u00fato str\u00e1nku m\u00f4\u017eete zatvori\u0165.\" \/>\n<meta property=\"og:url\" content=\"https:\/\/www.accountingslovakia.sk\/sk\/dakujeme\/\" \/>\n<meta property=\"og:site_name\" content=\"Accounting Slovakia\" \/>\n<meta property=\"article:publisher\" content=\"https:\/\/www.facebook.com\/accountingslovakia\" \/>\n<meta property=\"article:modified_time\" content=\"2024-12-02T12:53:18+00:00\" \/>\n<meta name=\"twitter:card\" content=\"summary_large_image\" \/>\n<meta name=\"twitter:label1\" content=\"Predpokladan\u00fd \u010das \u010d\u00edtania\" \/>\n\t<meta name=\"twitter:data1\" content=\"1 min\u00fata\" \/>\n<script type=\"application\/ld+json\" class=\"yoast-schema-graph\">{\"@context\":\"https:\\\/\\\/schema.org\",\"@graph\":[{\"@type\":\"WebPage\",\"@id\":\"https:\\\/\\\/www.accountingslovakia.sk\\\/sk\\\/dakujeme\\\/\",\"url\":\"https:\\\/\\\/www.accountingslovakia.sk\\\/sk\\\/dakujeme\\\/\",\"name\":\"\u010eakujeme, dostali sme va\u0161u spr\u00e1vu! - Accounting Slovakia\",\"isPartOf\":{\"@id\":\"https:\\\/\\\/www.accountingslovakia.sk\\\/#website\"},\"datePublished\":\"2024-10-09T13:28:45+00:00\",\"dateModified\":\"2024-12-02T12:53:18+00:00\",\"breadcrumb\":{\"@id\":\"https:\\\/\\\/www.accountingslovakia.sk\\\/sk\\\/dakujeme\\\/#breadcrumb\"},\"inLanguage\":\"sk-SK\",\"potentialAction\":[{\"@type\":\"ReadAction\",\"target\":[\"https:\\\/\\\/www.accountingslovakia.sk\\\/sk\\\/dakujeme\\\/\"]}]},{\"@type\":\"BreadcrumbList\",\"@id\":\"https:\\\/\\\/www.accountingslovakia.sk\\\/sk\\\/dakujeme\\\/#breadcrumb\",\"itemListElement\":[{\"@type\":\"ListItem\",\"position\":1,\"name\":\"Kezd\u0151lap\",\"item\":\"https:\\\/\\\/www.accountingslovakia.sk\\\/sk\\\/\"},{\"@type\":\"ListItem\",\"position\":2,\"name\":\"\u010eakujeme, dostali sme va\u0161u spr\u00e1vu!\"}]},{\"@type\":\"WebSite\",\"@id\":\"https:\\\/\\\/www.accountingslovakia.sk\\\/#website\",\"url\":\"https:\\\/\\\/www.accountingslovakia.sk\\\/\",\"name\":\"Accounting Slovakia\",\"description\":\"\",\"publisher\":{\"@id\":\"https:\\\/\\\/www.accountingslovakia.sk\\\/#organization\"},\"potentialAction\":[{\"@type\":\"SearchAction\",\"target\":{\"@type\":\"EntryPoint\",\"urlTemplate\":\"https:\\\/\\\/www.accountingslovakia.sk\\\/?s={search_term_string}\"},\"query-input\":{\"@type\":\"PropertyValueSpecification\",\"valueRequired\":true,\"valueName\":\"search_term_string\"}}],\"inLanguage\":\"sk-SK\"},{\"@type\":\"Organization\",\"@id\":\"https:\\\/\\\/www.accountingslovakia.sk\\\/#organization\",\"name\":\"Accounting Slovakia\",\"url\":\"https:\\\/\\\/www.accountingslovakia.sk\\\/\",\"logo\":{\"@type\":\"ImageObject\",\"inLanguage\":\"sk-SK\",\"@id\":\"https:\\\/\\\/www.accountingslovakia.sk\\\/#\\\/schema\\\/logo\\\/image\\\/\",\"url\":\"https:\\\/\\\/www.accountingslovakia.sk\\\/wp-content\\\/uploads\\\/2024\\\/03\\\/accounting-slovakia-logo-black.png\",\"contentUrl\":\"https:\\\/\\\/www.accountingslovakia.sk\\\/wp-content\\\/uploads\\\/2024\\\/03\\\/accounting-slovakia-logo-black.png\",\"width\":600,\"height\":175,\"caption\":\"Accounting Slovakia\"},\"image\":{\"@id\":\"https:\\\/\\\/www.accountingslovakia.sk\\\/#\\\/schema\\\/logo\\\/image\\\/\"},\"sameAs\":[\"https:\\\/\\\/www.facebook.com\\\/accountingslovakia\",\"https:\\\/\\\/www.instagram.com\\\/accountingslovakia\\\/\"]}]}<\/script>\n<!-- \/ Yoast SEO plugin. -->","yoast_head_json":{"title":"\u010eakujeme, dostali sme va\u0161u spr\u00e1vu! - Accounting Slovakia","robots":{"index":"index","follow":"follow","max-snippet":"max-snippet:-1","max-image-preview":"max-image-preview:large","max-video-preview":"max-video-preview:-1"},"canonical":"https:\/\/www.accountingslovakia.sk\/sk\/dakujeme\/","og_locale":"sk_SK","og_type":"article","og_title":"\u010eakujeme, dostali sme va\u0161u spr\u00e1vu! - Accounting Slovakia","og_description":"\u010coskoro v\u00e1s budeme kontaktova\u0165 prostredn\u00edctvom jedn\u00e9ho z uveden\u00fdch kontaktn\u00fdch \u00fadajov. T\u00fato str\u00e1nku m\u00f4\u017eete zatvori\u0165.","og_url":"https:\/\/www.accountingslovakia.sk\/sk\/dakujeme\/","og_site_name":"Accounting Slovakia","article_publisher":"https:\/\/www.facebook.com\/accountingslovakia","article_modified_time":"2024-12-02T12:53:18+00:00","twitter_card":"summary_large_image","twitter_misc":{"Predpokladan\u00fd \u010das \u010d\u00edtania":"1 min\u00fata"},"schema":{"@context":"https:\/\/schema.org","@graph":[{"@type":"WebPage","@id":"https:\/\/www.accountingslovakia.sk\/sk\/dakujeme\/","url":"https:\/\/www.accountingslovakia.sk\/sk\/dakujeme\/","name":"\u010eakujeme, dostali sme va\u0161u spr\u00e1vu! - Accounting Slovakia","isPartOf":{"@id":"https:\/\/www.accountingslovakia.sk\/#website"},"datePublished":"2024-10-09T13:28:45+00:00","dateModified":"2024-12-02T12:53:18+00:00","breadcrumb":{"@id":"https:\/\/www.accountingslovakia.sk\/sk\/dakujeme\/#breadcrumb"},"inLanguage":"sk-SK","potentialAction":[{"@type":"ReadAction","target":["https:\/\/www.accountingslovakia.sk\/sk\/dakujeme\/"]}]},{"@type":"BreadcrumbList","@id":"https:\/\/www.accountingslovakia.sk\/sk\/dakujeme\/#breadcrumb","itemListElement":[{"@type":"ListItem","position":1,"name":"Kezd\u0151lap","item":"https:\/\/www.accountingslovakia.sk\/sk\/"},{"@type":"ListItem","position":2,"name":"\u010eakujeme, dostali sme va\u0161u spr\u00e1vu!"}]},{"@type":"WebSite","@id":"https:\/\/www.accountingslovakia.sk\/#website","url":"https:\/\/www.accountingslovakia.sk\/","name":"Accounting Slovakia","description":"","publisher":{"@id":"https:\/\/www.accountingslovakia.sk\/#organization"},"potentialAction":[{"@type":"SearchAction","target":{"@type":"EntryPoint","urlTemplate":"https:\/\/www.accountingslovakia.sk\/?s={search_term_string}"},"query-input":{"@type":"PropertyValueSpecification","valueRequired":true,"valueName":"search_term_string"}}],"inLanguage":"sk-SK"},{"@type":"Organization","@id":"https:\/\/www.accountingslovakia.sk\/#organization","name":"Accounting Slovakia","url":"https:\/\/www.accountingslovakia.sk\/","logo":{"@type":"ImageObject","inLanguage":"sk-SK","@id":"https:\/\/www.accountingslovakia.sk\/#\/schema\/logo\/image\/","url":"https:\/\/www.accountingslovakia.sk\/wp-content\/uploads\/2024\/03\/accounting-slovakia-logo-black.png","contentUrl":"https:\/\/www.accountingslovakia.sk\/wp-content\/uploads\/2024\/03\/accounting-slovakia-logo-black.png","width":600,"height":175,"caption":"Accounting Slovakia"},"image":{"@id":"https:\/\/www.accountingslovakia.sk\/#\/schema\/logo\/image\/"},"sameAs":["https:\/\/www.facebook.com\/accountingslovakia","https:\/\/www.instagram.com\/accountingslovakia\/"]}]}},"_links":{"self":[{"href":"https:\/\/www.accountingslovakia.sk\/sk\/wp-json\/wp\/v2\/pages\/9523","targetHints":{"allow":["GET"]}}],"collection":[{"href":"https:\/\/www.accountingslovakia.sk\/sk\/wp-json\/wp\/v2\/pages"}],"about":[{"href":"https:\/\/www.accountingslovakia.sk\/sk\/wp-json\/wp\/v2\/types\/page"}],"author":[{"embeddable":true,"href":"https:\/\/www.accountingslovakia.sk\/sk\/wp-json\/wp\/v2\/users\/1"}],"replies":[{"embeddable":true,"href":"https:\/\/www.accountingslovakia.sk\/sk\/wp-json\/wp\/v2\/comments?post=9523"}],"version-history":[{"count":4,"href":"https:\/\/www.accountingslovakia.sk\/sk\/wp-json\/wp\/v2\/pages\/9523\/revisions"}],"predecessor-version":[{"id":9805,"href":"https:\/\/www.accountingslovakia.sk\/sk\/wp-json\/wp\/v2\/pages\/9523\/revisions\/9805"}],"wp:attachment":[{"href":"https:\/\/www.accountingslovakia.sk\/sk\/wp-json\/wp\/v2\/media?parent=9523"}],"curies":[{"name":"wp","href":"https:\/\/api.w.org\/{rel}","templated":true}]}}